{"id":2,"date":"2021-02-18T07:31:25","date_gmt":"2021-02-18T07:31:25","guid":{"rendered":"https:\/\/www.wasserstoffsensor.de\/http\/?page_id=2"},"modified":"2025-01-31T09:39:35","modified_gmt":"2025-01-31T09:39:35","slug":"sample-page","status":"publish","type":"page","link":"https:\/\/www.materion-gmbh.de\/index.php\/sample-page\/","title":{"rendered":"Forschung und Entwicklung"},"content":{"rendered":"\n<div class=\"wp-block-cover alignfull\"><span aria-hidden=\"true\" class=\"wp-block-cover__background has-nv-light-bg-background-color has-background-dim-100 has-background-dim\"><\/span><div class=\"wp-block-cover__inner-container is-layout-flow wp-block-cover-is-layout-flow\">\n<div style=\"height:50px\" aria-hidden=\"true\" class=\"wp-block-spacer\"><\/div>\n\n\n\n<div class=\"wp-block-columns is-layout-flex wp-container-4 wp-block-columns-is-layout-flex\">\n<div class=\"wp-block-column is-layout-flow wp-block-column-is-layout-flow\" style=\"flex-basis:10%\"><\/div>\n\n\n\n<div class=\"wp-block-column is-layout-flow wp-block-column-is-layout-flow\" style=\"flex-basis:50%\">\n<h2 class=\"wp-block-heading has-text-align-center has-nv-dark-bg-color has-text-color\"><strong>Forschung und Entwicklung<\/strong><\/h2>\n\n\n\n<p class=\"has-nv-dark-bg-color has-text-color\">Zur Weiterentwicklung unserer Fachkompetenzen und zur Erweiterung des Produktportfolios f\u00fchren wir gegenw\u00e4rtig Forschungsprojekte durch, die durch das Land Mecklenburg Vorpommern bzw. durch das BMBF gef\u00f6rdert werden. Diese Projekte sind auf folgende Produktentwicklungen gerichtet:<\/p>\n\n\n\n<ul id=\"block-2a5aa0ba-b427-4d17-a99d-6e8044f96da3\" class=\"has-neve-text-color-color has-text-color\">\n<li>optisch schaltende D\u00fcnnschichtsensoren f\u00fcr den Nachweis von H<sub>2<\/sub> f\u00fcr kleine Konzentrationen unterhalb 500 ppm<\/li>\n\n\n\n<li>Cu gef\u00fcllte DLC-Schichten als antibakterielle und antiadh\u00e4sive Beschichtung f\u00fcr Implantate<\/li>\n\n\n\n<li>neuartiger Wasserstoffsensor mit h\u00f6chster Sensitivit\u00e4t und Selektivit\u00e4t auf Grundlage von mikroelektromechanischen (MEMS-basierten) Strukturen<\/li>\n<\/ul>\n\n\n\n<div style=\"height:20px\" aria-hidden=\"true\" class=\"wp-block-spacer\"><\/div>\n\n\n\n<p class=\"has-nv-dark-bg-color has-text-color\">In Zusammenarbeit mit dem Institut f\u00fcr Oberfl\u00e4chen- und D\u00fcnnschichttechnik (IfOD) der Hochschule Wismar ist es uns m\u00f6glich, weitere Schichten und Schichtsysteme nach Kundenwunsch zu entwickeln.<\/p>\n<\/div>\n\n\n\n<div class=\"wp-block-column is-layout-flow wp-block-column-is-layout-flow\" style=\"flex-basis:25%\">\n<div style=\"height:50px\" aria-hidden=\"true\" class=\"wp-block-spacer\"><\/div>\n\n\n\n<figure class=\"wp-block-image size-full is-resized is-style-default\"><img decoding=\"async\" loading=\"lazy\" width=\"244\" height=\"207\" src=\"https:\/\/www.materion-gmbh.de\/wp-content\/uploads\/2023\/10\/ZIM.png\" alt=\"\" class=\"wp-image-508\"\/><\/figure>\n\n\n\n<figure class=\"wp-block-image size-large is-resized is-style-default\"><img decoding=\"async\" loading=\"lazy\" width=\"741\" height=\"690\" src=\"https:\/\/www.materion-gmbh.de\/wp-content\/uploads\/2021\/02\/EFRE_Logo_f_Zusatz_unten.jpg\" alt=\"\" class=\"wp-image-35\" srcset=\"https:\/\/www.materion-gmbh.de\/wp-content\/uploads\/2021\/02\/EFRE_Logo_f_Zusatz_unten.jpg 741w, https:\/\/www.materion-gmbh.de\/wp-content\/uploads\/2021\/02\/EFRE_Logo_f_Zusatz_unten-300x279.jpg 300w\" sizes=\"(max-width: 741px) 100vw, 741px\" \/><\/figure>\n<\/div>\n<\/div>\n<\/div><\/div>\n\n\n\n<div style=\"height:100px\" aria-hidden=\"true\" class=\"wp-block-spacer\"><\/div>\n\n\n\n<p><\/p>\n","protected":false},"excerpt":{"rendered":"","protected":false},"author":1,"featured_media":0,"parent":0,"menu_order":0,"comment_status":"closed","ping_status":"open","template":"","meta":{"neve_meta_sidebar":"full-width","neve_meta_container":"","neve_meta_enable_content_width":"","neve_meta_content_width":0,"neve_meta_title_alignment":"left","neve_meta_author_avatar":"","neve_post_elements_order":"","neve_meta_disable_header":"","neve_meta_disable_footer":"","neve_meta_disable_title":"on","footnotes":""},"yoast_head":"<!-- This site is optimized with the Yoast SEO plugin v21.4 - https:\/\/yoast.com\/wordpress\/plugins\/seo\/ -->\n<title>Forschung und Entwicklung - Materion<\/title>\n<meta name=\"description\" content=\"Zur Weiterentwicklung unserer Fachkompetenzen f\u00fchren wir gegenw\u00e4rtig Forschungsprojekte durch, die durch das Land Mecklenburg Vorpommern gef\u00f6rdert werden.\" \/>\n<meta name=\"robots\" content=\"index, follow, max-snippet:-1, max-image-preview:large, max-video-preview:-1\" \/>\n<link rel=\"canonical\" href=\"https:\/\/www.materion-gmbh.de\/index.php\/sample-page\/\" \/>\n<meta property=\"og:locale\" content=\"de_DE\" \/>\n<meta property=\"og:type\" content=\"article\" \/>\n<meta property=\"og:title\" content=\"Forschung und Entwicklung - Materion\" \/>\n<meta property=\"og:description\" content=\"Zur Weiterentwicklung unserer Fachkompetenzen f\u00fchren wir gegenw\u00e4rtig Forschungsprojekte durch, die durch das Land Mecklenburg Vorpommern gef\u00f6rdert werden.\" \/>\n<meta property=\"og:url\" content=\"https:\/\/www.materion-gmbh.de\/index.php\/sample-page\/\" \/>\n<meta property=\"og:site_name\" content=\"Materion\" \/>\n<meta property=\"article:modified_time\" content=\"2025-01-31T09:39:35+00:00\" \/>\n<meta property=\"og:image\" content=\"https:\/\/www.materion-gmbh.de\/wp-content\/uploads\/2023\/10\/ZIM.png\" \/>\n<meta name=\"twitter:card\" content=\"summary_large_image\" \/>\n<meta name=\"twitter:label1\" content=\"Gesch\u00e4tzte Lesezeit\" \/>\n\t<meta name=\"twitter:data1\" content=\"1\u00a0Minute\" \/>\n<script type=\"application\/ld+json\" class=\"yoast-schema-graph\">{\"@context\":\"https:\/\/schema.org\",\"@graph\":[{\"@type\":\"WebPage\",\"@id\":\"https:\/\/www.materion-gmbh.de\/index.php\/sample-page\/\",\"url\":\"https:\/\/www.materion-gmbh.de\/index.php\/sample-page\/\",\"name\":\"Forschung und Entwicklung - Materion\",\"isPartOf\":{\"@id\":\"https:\/\/www.materion-gmbh.de\/#website\"},\"datePublished\":\"2021-02-18T07:31:25+00:00\",\"dateModified\":\"2025-01-31T09:39:35+00:00\",\"description\":\"Zur Weiterentwicklung unserer Fachkompetenzen f\u00fchren wir gegenw\u00e4rtig Forschungsprojekte durch, die durch das Land Mecklenburg Vorpommern gef\u00f6rdert werden.\",\"breadcrumb\":{\"@id\":\"https:\/\/www.materion-gmbh.de\/index.php\/sample-page\/#breadcrumb\"},\"inLanguage\":\"de\",\"potentialAction\":[{\"@type\":\"ReadAction\",\"target\":[\"https:\/\/www.materion-gmbh.de\/index.php\/sample-page\/\"]}]},{\"@type\":\"BreadcrumbList\",\"@id\":\"https:\/\/www.materion-gmbh.de\/index.php\/sample-page\/#breadcrumb\",\"itemListElement\":[{\"@type\":\"ListItem\",\"position\":1,\"name\":\"Startseite\",\"item\":\"https:\/\/www.materion-gmbh.de\/\"},{\"@type\":\"ListItem\",\"position\":2,\"name\":\"Forschung und Entwicklung\"}]},{\"@type\":\"WebSite\",\"@id\":\"https:\/\/www.materion-gmbh.de\/#website\",\"url\":\"https:\/\/www.materion-gmbh.de\/\",\"name\":\"Materion\",\"description\":\"thin films and sensors\",\"publisher\":{\"@id\":\"https:\/\/www.materion-gmbh.de\/#organization\"},\"potentialAction\":[{\"@type\":\"SearchAction\",\"target\":{\"@type\":\"EntryPoint\",\"urlTemplate\":\"https:\/\/www.materion-gmbh.de\/?s={search_term_string}\"},\"query-input\":\"required name=search_term_string\"}],\"inLanguage\":\"de\"},{\"@type\":\"Organization\",\"@id\":\"https:\/\/www.materion-gmbh.de\/#organization\",\"name\":\"Materion GmbH\",\"url\":\"https:\/\/www.materion-gmbh.de\/\",\"logo\":{\"@type\":\"ImageObject\",\"inLanguage\":\"de\",\"@id\":\"https:\/\/www.materion-gmbh.de\/#\/schema\/logo\/image\/\",\"url\":\"https:\/\/www.materion-gmbh.de\/wp-content\/uploads\/2021\/02\/Logo_Materion_RGB.jpg\",\"contentUrl\":\"https:\/\/www.materion-gmbh.de\/wp-content\/uploads\/2021\/02\/Logo_Materion_RGB.jpg\",\"width\":886,\"height\":261,\"caption\":\"Materion GmbH\"},\"image\":{\"@id\":\"https:\/\/www.materion-gmbh.de\/#\/schema\/logo\/image\/\"}}]}<\/script>\n<!-- \/ Yoast SEO plugin. -->","yoast_head_json":{"title":"Forschung und Entwicklung - Materion","description":"Zur Weiterentwicklung unserer Fachkompetenzen f\u00fchren wir gegenw\u00e4rtig Forschungsprojekte durch, die durch das Land Mecklenburg Vorpommern gef\u00f6rdert werden.","robots":{"index":"index","follow":"follow","max-snippet":"max-snippet:-1","max-image-preview":"max-image-preview:large","max-video-preview":"max-video-preview:-1"},"canonical":"https:\/\/www.materion-gmbh.de\/index.php\/sample-page\/","og_locale":"de_DE","og_type":"article","og_title":"Forschung und Entwicklung - Materion","og_description":"Zur Weiterentwicklung unserer Fachkompetenzen f\u00fchren wir gegenw\u00e4rtig Forschungsprojekte durch, die durch das Land Mecklenburg Vorpommern gef\u00f6rdert werden.","og_url":"https:\/\/www.materion-gmbh.de\/index.php\/sample-page\/","og_site_name":"Materion","article_modified_time":"2025-01-31T09:39:35+00:00","og_image":[{"url":"https:\/\/www.materion-gmbh.de\/wp-content\/uploads\/2023\/10\/ZIM.png"}],"twitter_card":"summary_large_image","twitter_misc":{"Gesch\u00e4tzte Lesezeit":"1\u00a0Minute"},"schema":{"@context":"https:\/\/schema.org","@graph":[{"@type":"WebPage","@id":"https:\/\/www.materion-gmbh.de\/index.php\/sample-page\/","url":"https:\/\/www.materion-gmbh.de\/index.php\/sample-page\/","name":"Forschung und Entwicklung - Materion","isPartOf":{"@id":"https:\/\/www.materion-gmbh.de\/#website"},"datePublished":"2021-02-18T07:31:25+00:00","dateModified":"2025-01-31T09:39:35+00:00","description":"Zur Weiterentwicklung unserer Fachkompetenzen f\u00fchren wir gegenw\u00e4rtig Forschungsprojekte durch, die durch das Land Mecklenburg Vorpommern gef\u00f6rdert werden.","breadcrumb":{"@id":"https:\/\/www.materion-gmbh.de\/index.php\/sample-page\/#breadcrumb"},"inLanguage":"de","potentialAction":[{"@type":"ReadAction","target":["https:\/\/www.materion-gmbh.de\/index.php\/sample-page\/"]}]},{"@type":"BreadcrumbList","@id":"https:\/\/www.materion-gmbh.de\/index.php\/sample-page\/#breadcrumb","itemListElement":[{"@type":"ListItem","position":1,"name":"Startseite","item":"https:\/\/www.materion-gmbh.de\/"},{"@type":"ListItem","position":2,"name":"Forschung und Entwicklung"}]},{"@type":"WebSite","@id":"https:\/\/www.materion-gmbh.de\/#website","url":"https:\/\/www.materion-gmbh.de\/","name":"Materion","description":"thin films and sensors","publisher":{"@id":"https:\/\/www.materion-gmbh.de\/#organization"},"potentialAction":[{"@type":"SearchAction","target":{"@type":"EntryPoint","urlTemplate":"https:\/\/www.materion-gmbh.de\/?s={search_term_string}"},"query-input":"required name=search_term_string"}],"inLanguage":"de"},{"@type":"Organization","@id":"https:\/\/www.materion-gmbh.de\/#organization","name":"Materion GmbH","url":"https:\/\/www.materion-gmbh.de\/","logo":{"@type":"ImageObject","inLanguage":"de","@id":"https:\/\/www.materion-gmbh.de\/#\/schema\/logo\/image\/","url":"https:\/\/www.materion-gmbh.de\/wp-content\/uploads\/2021\/02\/Logo_Materion_RGB.jpg","contentUrl":"https:\/\/www.materion-gmbh.de\/wp-content\/uploads\/2021\/02\/Logo_Materion_RGB.jpg","width":886,"height":261,"caption":"Materion GmbH"},"image":{"@id":"https:\/\/www.materion-gmbh.de\/#\/schema\/logo\/image\/"}}]}},"_links":{"self":[{"href":"https:\/\/www.materion-gmbh.de\/index.php\/wp-json\/wp\/v2\/pages\/2"}],"collection":[{"href":"https:\/\/www.materion-gmbh.de\/index.php\/wp-json\/wp\/v2\/pages"}],"about":[{"href":"https:\/\/www.materion-gmbh.de\/index.php\/wp-json\/wp\/v2\/types\/page"}],"author":[{"embeddable":true,"href":"https:\/\/www.materion-gmbh.de\/index.php\/wp-json\/wp\/v2\/users\/1"}],"replies":[{"embeddable":true,"href":"https:\/\/www.materion-gmbh.de\/index.php\/wp-json\/wp\/v2\/comments?post=2"}],"version-history":[{"count":58,"href":"https:\/\/www.materion-gmbh.de\/index.php\/wp-json\/wp\/v2\/pages\/2\/revisions"}],"predecessor-version":[{"id":557,"href":"https:\/\/www.materion-gmbh.de\/index.php\/wp-json\/wp\/v2\/pages\/2\/revisions\/557"}],"wp:attachment":[{"href":"https:\/\/www.materion-gmbh.de\/index.php\/wp-json\/wp\/v2\/media?parent=2"}],"curies":[{"name":"wp","href":"https:\/\/api.w.org\/{rel}","templated":true}]}}